{"id":12,"date":"2014-10-20T10:29:59","date_gmt":"2013-11-02T14:48:40","guid":{"rendered":"https:\/\/tercumeci.de\/?page_id=12"},"modified":"2014-11-11T10:36:23","modified_gmt":"2014-11-11T10:36:23","slug":"%c9%99m%c9%99kdaslar","status":"publish","type":"page","link":"https:\/\/tercumeci.de\/?page_id=12","title":{"rendered":"\u018fM\u018fKDA\u015eLIQ"},"content":{"rendered":"<p style=\"text-align: left;\" align=\"center\"><strong>\u0130ndiy\u0259d\u0259k \u0259m\u0259kda\u015fl\u0131q etdiyim d\u00f6vl\u0259t v\u0259 ictimai qurumlar, \u00f6z\u0259l strukturlar\u0131n siyah\u0131s\u0131ndan q\u0131sa \u00e7\u0131xar\u0131\u015f:<\/strong><\/p>\n<p>&nbsp;<\/p>\n<p>Almaniya Federal Dill\u0259r \u0130dar\u0259si<\/p>\n<p>Almaniya Federal M\u00fcdafi\u0259 Nazirliyi<\/p>\n<p>Alman \u0130qtisadiyyat\u0131n\u0131n \u015e\u0259rq Komissiyas\u0131<\/p>\n<p>Alman \u0130qtisadi \u018fm\u0259kda\u015fl\u0131q C\u0259miyy\u0259ti<\/p>\n<p>Dr. Qabriele Mints M\u0259hdud M\u0259suliyy\u0259tli C\u0259miyy\u0259ti<\/p>\n<p>Saksoniya-Anhalt Daxili \u0130\u015fl\u0259r Nazirliyi<\/p>\n<p>Berlin \u018fyal\u0259t Cinay\u0259t-Axtar\u0131\u015f \u0130dar\u0259si<\/p>\n<p>Fridrix Ebert Fondu<\/p>\n<p>Konrad Adenauer Fondu<\/p>\n<p>Henrix B\u00f6ll Fondu<\/p>\n<p>Az\u0259rbaycan S\u0259firliyi<\/p>\n<p>Tirqarten \u018frazi M\u0259hk\u0259m\u0259si<\/p>\n<p>Veddinq \u018frazi M\u0259hk\u0259m\u0259si<\/p>\n<p>Pankov\/Vaysenzee \u018frazi M\u0259hk\u0259m\u0259si<\/p>\n<p>\u015e\u00f6neberq \u018frazi M\u0259hk\u0259m\u0259si<\/p>\n<p>Tempelhof-Kroytsberq \u018frazi M\u0259hk\u0259m\u0259si<\/p>\n<p>Berlin \u018fyal\u0259t M\u0259hk\u0259m\u0259si<\/p>\n<p>Berlin \u0130nzibati M\u0259hk\u0259m\u0259si<\/p>\n<p>Berlin Sosial M\u0259hk\u0259m\u0259si<\/p>\n<p>Berlin \u018fm\u0259k M\u0259hk\u0259m\u0259si<\/p>\n<p>Federal Polis, Tegel \u015f\u00f6b\u0259si<\/p>\n<p>Kil \u0259razi m\u0259hk\u0259m\u0259si<\/p>\n<p>\u201cCulturescapes\u201d Festival\u0131, Bazel\/\u0130sve\u00e7r\u0259<\/p>\n<p>KERN AG S\u0259hmdar \u015eirk\u0259ti<\/p>\n<p>Ru\u015fiti T\u0259rc\u00fcm\u0259 B\u00fcrosu<\/p>\n<p>Norbert Tsenker v\u0259 H\u0259mkarlar\u0131, T\u0259rc\u00fcm\u0259 b\u00fcrosu<\/p>\n<p>\u201cTransform24\u201d T\u0259rc\u00fcm\u0259 B\u00fcrosu<\/p>\n<p>\u201cUltramar\u201d T\u0259rc\u00fcm\u0259 B\u00fcrosu<\/p>\n<p>\u0130NTERMED\u0130A T\u0259rc\u00fcm\u0259 B\u00fcrosu<\/p>\n<p>\u201cDIW econ\u201c M\u0259hdud M\u0259suliyy\u0259tli C\u0259miyy\u0259ti<\/p>\n<p>Diplom m\u00fch\u0259ndisi Qautam Bhatta\u00e7arya v\u0259 h\u0259mkarlar\u0131, t\u0259rc\u00fcm\u0259 xidm\u0259ti<\/p>\n<p>\u201cets\u201d t\u0259rc\u00fcm\u0259 xidm\u0259tl\u0259ri<\/p>\n<p>\u015eofild v\u0259 t\u0259r\u0259fda\u015flar\u0131<\/p>\n<p>ARUS Dill\u0259r Xidm\u0259ti<\/p>\n<p>Bremen Universiteti<\/p>\n<p>GASOLF M\u0259hdud M\u0259suliyy\u0259tli C\u0259miyy\u0259ti<\/p>\n<p>M\u00fcharib\u0259 N\u0259tic\u0259l\u0259rini Ara\u015fd\u0131ran Ludviq Boltsman ad\u0131na \u0130nstitut, Qrats\/Avstriya<\/p>\n<p>Berlin Su M\u00fc\u0259ssis\u0259l\u0259ri<\/p>\n<p>Dussmann Service \u0130nternational M\u0259hdud M\u0259suliyy\u0259tli C\u0259miyy\u0259ti<\/p>\n<p>Alatoran Yay\u0131nlar\u0131<\/p>\n<p>DOC To Let, h\u0259kim vasit\u0259\u00e7iliyi \u00fczr\u0259 agentlik<\/p>\n","protected":false},"excerpt":{"rendered":"<p>\u0130ndiy\u0259d\u0259k \u0259m\u0259kda\u015fl\u0131q etdiyim d\u00f6vl\u0259t v\u0259 ictimai qurumlar, \u00f6z\u0259l strukturlar\u0131n siyah\u0131s\u0131ndan q\u0131sa \u00e7\u0131xar\u0131\u015f: &nbsp; Almaniya Federal Dill\u0259r \u0130dar\u0259si Almaniya Federal M\u00fcdafi\u0259 Nazirliyi Alman \u0130qtisadiyyat\u0131n\u0131n \u015e\u0259rq&#8230;<\/p>\n","protected":false},"author":1,"featured_media":0,"parent":0,"menu_order":0,"comment_status":"open","ping_status":"closed","template":"","meta":{"_monsterinsights_skip_tracking":false,"_monsterinsights_sitenote_active":false,"_monsterinsights_sitenote_note":"","_monsterinsights_sitenote_category":0,"footnotes":""},"class_list":["post-12","page","type-page","status-publish","hentry"],"yoast_head":"<!-- This site is optimized with the Yoast SEO plugin v19.4 - https:\/\/yoast.com\/wordpress\/plugins\/seo\/ -->\n<title>\u018fm\u0259kda\u015fl\u0131q<\/title>\n<meta name=\"robots\" content=\"index, follow, max-snippet:-1, max-image-preview:large, max-video-preview:-1\" \/>\n<link rel=\"canonical\" href=\"https:\/\/tercumeci.de\/?page_id=12\" \/>\n<meta property=\"og:locale\" content=\"en_US\" \/>\n<meta property=\"og:type\" content=\"article\" \/>\n<meta property=\"og:title\" content=\"\u018fm\u0259kda\u015fl\u0131q\" \/>\n<meta property=\"og:description\" content=\"\u0130ndiy\u0259d\u0259k \u0259m\u0259kda\u015fl\u0131q etdiyim d\u00f6vl\u0259t v\u0259 ictimai qurumlar, \u00f6z\u0259l strukturlar\u0131n siyah\u0131s\u0131ndan q\u0131sa \u00e7\u0131xar\u0131\u015f: &nbsp; Almaniya Federal Dill\u0259r \u0130dar\u0259si Almaniya Federal M\u00fcdafi\u0259 Nazirliyi Alman \u0130qtisadiyyat\u0131n\u0131n \u015e\u0259rq...\" \/>\n<meta property=\"og:url\" content=\"https:\/\/tercumeci.de\/?page_id=12\" \/>\n<meta property=\"og:site_name\" content=\"-tercumeci.de\" \/>\n<meta property=\"article:publisher\" content=\"https:\/\/www.facebook.com\/tercumeci.de\" \/>\n<meta property=\"article:modified_time\" content=\"2014-11-11T10:36:23+00:00\" \/>\n<meta name=\"twitter:label1\" content=\"Est. reading time\" \/>\n\t<meta name=\"twitter:data1\" content=\"2 minutes\" \/>\n<script type=\"application\/ld+json\" class=\"yoast-schema-graph\">{\"@context\":\"https:\/\/schema.org\",\"@graph\":[{\"@type\":\"WebSite\",\"@id\":\"https:\/\/tercumeci.de\/#website\",\"url\":\"https:\/\/tercumeci.de\/\",\"name\":\"-tercumeci.de\",\"description\":\"Dr. Gurban Alakbarov\",\"potentialAction\":[{\"@type\":\"SearchAction\",\"target\":{\"@type\":\"EntryPoint\",\"urlTemplate\":\"https:\/\/tercumeci.de\/?s={search_term_string}\"},\"query-input\":\"required name=search_term_string\"}],\"inLanguage\":\"en-US\"},{\"@type\":\"WebPage\",\"@id\":\"https:\/\/tercumeci.de\/?page_id=12\",\"url\":\"https:\/\/tercumeci.de\/?page_id=12\",\"name\":\"\u018fm\u0259kda\u015fl\u0131q\",\"isPartOf\":{\"@id\":\"https:\/\/tercumeci.de\/#website\"},\"datePublished\":\"2013-11-02T14:48:40+00:00\",\"dateModified\":\"2014-11-11T10:36:23+00:00\",\"breadcrumb\":{\"@id\":\"https:\/\/tercumeci.de\/?page_id=12#breadcrumb\"},\"inLanguage\":\"en-US\",\"potentialAction\":[{\"@type\":\"ReadAction\",\"target\":[\"https:\/\/tercumeci.de\/?page_id=12\"]}]},{\"@type\":\"BreadcrumbList\",\"@id\":\"https:\/\/tercumeci.de\/?page_id=12#breadcrumb\",\"itemListElement\":[{\"@type\":\"ListItem\",\"position\":1,\"name\":\"Home\",\"item\":\"https:\/\/tercumeci.de\/?lang=de\"},{\"@type\":\"ListItem\",\"position\":2,\"name\":\"\u018fM\u018fKDA\u015eLIQ\"}]}]}<\/script>\n<!-- \/ Yoast SEO plugin. -->","yoast_head_json":{"title":"\u018fm\u0259kda\u015fl\u0131q","robots":{"index":"index","follow":"follow","max-snippet":"max-snippet:-1","max-image-preview":"max-image-preview:large","max-video-preview":"max-video-preview:-1"},"canonical":"https:\/\/tercumeci.de\/?page_id=12","og_locale":"en_US","og_type":"article","og_title":"\u018fm\u0259kda\u015fl\u0131q","og_description":"\u0130ndiy\u0259d\u0259k \u0259m\u0259kda\u015fl\u0131q etdiyim d\u00f6vl\u0259t v\u0259 ictimai qurumlar, \u00f6z\u0259l strukturlar\u0131n siyah\u0131s\u0131ndan q\u0131sa \u00e7\u0131xar\u0131\u015f: &nbsp; Almaniya Federal Dill\u0259r \u0130dar\u0259si Almaniya Federal M\u00fcdafi\u0259 Nazirliyi Alman \u0130qtisadiyyat\u0131n\u0131n \u015e\u0259rq...","og_url":"https:\/\/tercumeci.de\/?page_id=12","og_site_name":"-tercumeci.de","article_publisher":"https:\/\/www.facebook.com\/tercumeci.de","article_modified_time":"2014-11-11T10:36:23+00:00","twitter_misc":{"Est. reading time":"2 minutes"},"schema":{"@context":"https:\/\/schema.org","@graph":[{"@type":"WebSite","@id":"https:\/\/tercumeci.de\/#website","url":"https:\/\/tercumeci.de\/","name":"-tercumeci.de","description":"Dr. Gurban Alakbarov","potentialAction":[{"@type":"SearchAction","target":{"@type":"EntryPoint","urlTemplate":"https:\/\/tercumeci.de\/?s={search_term_string}"},"query-input":"required name=search_term_string"}],"inLanguage":"en-US"},{"@type":"WebPage","@id":"https:\/\/tercumeci.de\/?page_id=12","url":"https:\/\/tercumeci.de\/?page_id=12","name":"\u018fm\u0259kda\u015fl\u0131q","isPartOf":{"@id":"https:\/\/tercumeci.de\/#website"},"datePublished":"2013-11-02T14:48:40+00:00","dateModified":"2014-11-11T10:36:23+00:00","breadcrumb":{"@id":"https:\/\/tercumeci.de\/?page_id=12#breadcrumb"},"inLanguage":"en-US","potentialAction":[{"@type":"ReadAction","target":["https:\/\/tercumeci.de\/?page_id=12"]}]},{"@type":"BreadcrumbList","@id":"https:\/\/tercumeci.de\/?page_id=12#breadcrumb","itemListElement":[{"@type":"ListItem","position":1,"name":"Home","item":"https:\/\/tercumeci.de\/?lang=de"},{"@type":"ListItem","position":2,"name":"\u018fM\u018fKDA\u015eLIQ"}]}]}},"_links":{"self":[{"href":"https:\/\/tercumeci.de\/index.php?rest_route=\/wp\/v2\/pages\/12","targetHints":{"allow":["GET"]}}],"collection":[{"href":"https:\/\/tercumeci.de\/index.php?rest_route=\/wp\/v2\/pages"}],"about":[{"href":"https:\/\/tercumeci.de\/index.php?rest_route=\/wp\/v2\/types\/page"}],"author":[{"embeddable":true,"href":"https:\/\/tercumeci.de\/index.php?rest_route=\/wp\/v2\/users\/1"}],"replies":[{"embeddable":true,"href":"https:\/\/tercumeci.de\/index.php?rest_route=%2Fwp%2Fv2%2Fcomments&post=12"}],"version-history":[{"count":5,"href":"https:\/\/tercumeci.de\/index.php?rest_route=\/wp\/v2\/pages\/12\/revisions"}],"predecessor-version":[{"id":513,"href":"https:\/\/tercumeci.de\/index.php?rest_route=\/wp\/v2\/pages\/12\/revisions\/513"}],"wp:attachment":[{"href":"https:\/\/tercumeci.de\/index.php?rest_route=%2Fwp%2Fv2%2Fmedia&parent=12"}],"curies":[{"name":"wp","href":"https:\/\/api.w.org\/{rel}","templated":true}]}}