{"id":144,"date":"2014-10-20T09:22:16","date_gmt":"2013-11-02T15:31:55","guid":{"rendered":"https:\/\/tercumeci.de\/?page_id=144"},"modified":"2014-11-11T12:41:28","modified_gmt":"2014-11-11T12:41:28","slug":"ana-s%c9%99hif%c9%99","status":"publish","type":"page","link":"https:\/\/tercumeci.de\/?lang=aze","title":{"rendered":"ANA S\u018fH\u0130F\u018f"},"content":{"rendered":"<p style=\"text-align: justify;\">H\u00f6rm\u0259tli xan\u0131mlar v\u0259 c\u0259nablar,<\/p>\n<p style=\"text-align: justify;\">Sizi internet s\u0259hif\u0259md\u0259 salamlamaq imkan\u0131na malik oldu\u011fuma g\u00f6r\u0259 \u00e7ox sevinir\u0259m. 2006-c\u0131 ilin sentyabr\u0131nda Almaniya Federativ Respublikas\u0131nda yerl\u0259\u015f\u0259n Kil \u0259yal\u0259t m\u0259hk\u0259m\u0259si m\u0259ni andl\u0131 m\u0259hk\u0259m\u0259 t\u0259rc\u00fcm\u0259\u00e7il\u0259ri (Az\u0259rbaycan v\u0259 rus dill\u0259ri \u00fczr\u0259) siyah\u0131s\u0131na q\u0259bul etmi\u015fdir. Eyni ilin noyabr ay\u0131nda \u015elezviq \u015f\u0259h\u0259rind\u0259 yerl\u0259\u015f\u0259n ba\u015f \u0259yal\u0259t m\u0259hk\u0259m\u0259si m\u0259n\u0259 Az\u0259rbaycan dilind\u0259n alman dilin\u0259 v\u0259 \u0259ksin\u0259 s\u0259n\u0259dl\u0259ri t\u0259rc\u00fcm\u0259 etm\u0259k v\u0259 r\u0259smil\u0259\u015fdirm\u0259k s\u0259lahiyy\u0259tini vermi\u015fdir. 2008-2010-cu ill\u0259rd\u0259 is\u0259 \u00f6z n\u00f6vb\u0259sind\u0259 Berlin \u0259yal\u0259t m\u0259hk\u0259m\u0259si m\u0259n\u0259 Az\u0259rbaycan v\u0259 rus dill\u0259ri \u00fczr\u0259 andl\u0131 v\u0259 s\u0259lahiyy\u0259tli m\u0259hk\u0259m\u0259 v\u0259 notarial t\u0259rc\u00fcm\u0259\u00e7i lisenziyas\u0131n\u0131 t\u0259qdim etmi\u015fdir. Art\u0131q 2001-ci ild\u0259n ba\u015flayaraq m\u0259n Almaniya \u00fczr\u0259 bir s\u0131ra t\u0259rc\u00fcm\u0259 b\u00fcrolar\u0131n\u0131n \u0259m\u0259kda\u015f\u0131 kimi f\u0259aliyy\u0259t g\u00f6st\u0259rmi\u015f\u0259m.<\/p>\n<p style=\"text-align: justify;\"><span style=\"font-size: 1em;\">Az\u0259rbaycan v\u0259 rus dill\u0259rind\u0259n alman dilin\u0259 v\u0259 \u0259ksin\u0259 \u015fifahi v\u0259 yaz\u0131l\u0131 t\u0259rc\u00fcm\u0259\u00e7i f\u0259aliyy\u0259tim ilk n\u00f6vb\u0259d\u0259 son ill\u0259rd\u0259 toplanm\u0131\u015f z\u0259ngin bilik v\u0259 t\u0259cr\u00fcb\u0259 potensial\u0131ndan qidalan\u0131r. Bu da \u00f6z n\u00f6vb\u0259sind\u0259 m\u0259nim t\u0259rc\u00fcm\u0259l\u0259rimin y\u00fcks\u0259k keyfiyy\u0259tini t\u0259min ed\u0259n ba\u015fl\u0131ca amil kimi n\u0259z\u0259rd\u0259n ke\u00e7iril\u0259 bil\u0259r. Deyil\u0259nl\u0259r\u0259 \u0259saslanaraq \u00f6z xidm\u0259timi b\u00f6y\u00fck m\u0259mnuniyy\u0259tl\u0259 Siz\u0259 d\u0259 t\u0259klif etm\u0259k ist\u0259yir\u0259m.<\/span><\/p>\n<p style=\"text-align: justify;\"><span style=\"font-size: 1em;\">G\u00fcnd\u0259lik f\u0259aliyy\u0259timd\u0259 \u0259h\u0259miyy\u0259t verdiyim ba\u015fl\u0131ca meyar qiym\u0259t deyil, m\u0259n\u0259 m\u00fcraci\u0259t ed\u0259n insanlar\u0131n arzu v\u0259 ist\u0259kl\u0259rinin keyfiyy\u0259tl\u0259 v\u0259 tez bir zamanda t\u0259min edilm\u0259sidir. Bu bax\u0131mdan Sizl\u0259rin h\u0259r bir sor\u011funuza qabaqcadan sevinir v\u0259 dil mane\u0259l\u0259rinin aradan qald\u0131r\u0131lmas\u0131nda yard\u0131m\u00e7\u0131 olma\u011fa can atd\u0131\u011f\u0131m\u0131 bildirm\u0259k ist\u0259yir\u0259m.<\/span><\/p>\n<p style=\"text-align: justify;\"><span style=\"font-size: 1em;\">\u018fn s\u0259mimi salamlarla<\/span><\/p>\n<p style=\"text-align: right;\">Sizin<\/p>\n<p style=\"text-align: right;\">Dr. Qurban \u018fl\u0259kb\u0259rov<\/p>\n","protected":false},"excerpt":{"rendered":"<p>H\u00f6rm\u0259tli xan\u0131mlar v\u0259 c\u0259nablar, Sizi internet s\u0259hif\u0259md\u0259 salamlamaq imkan\u0131na malik oldu\u011fuma g\u00f6r\u0259 \u00e7ox sevinir\u0259m. 2006-c\u0131 ilin sentyabr\u0131nda Almaniya Federativ Respublikas\u0131nda yerl\u0259\u015f\u0259n Kil \u0259yal\u0259t m\u0259hk\u0259m\u0259si&#8230;<\/p>\n","protected":false},"author":1,"featured_media":0,"parent":0,"menu_order":0,"comment_status":"closed","ping_status":"closed","template":"","meta":{"_monsterinsights_skip_tracking":false,"_monsterinsights_sitenote_active":false,"_monsterinsights_sitenote_note":"","_monsterinsights_sitenote_category":0,"footnotes":""},"class_list":["post-144","page","type-page","status-publish","hentry"],"yoast_head":"<!-- This site is optimized with the Yoast SEO plugin v19.4 - https:\/\/yoast.com\/wordpress\/plugins\/seo\/ -->\n<title>Xo\u015f g\u0259lmi\u015fsiniz<\/title>\n<meta name=\"description\" content=\"Dr. Qurban \u018fl\u0259kb\u0259rov, Az\u0259rbaycan v\u0259 rus dill\u0259ri \u00fczr\u0259 andl\u0131 v\u0259 s\u0259lahiyy\u0259tli t\u0259rc\u00fcm\u0259\u00e7i, Berlin\" \/>\n<meta name=\"robots\" content=\"index, follow, max-snippet:-1, max-image-preview:large, max-video-preview:-1\" \/>\n<link rel=\"canonical\" href=\"https:\/\/tercumeci.de\/?lang=aze\" \/>\n<meta property=\"og:locale\" content=\"en_US\" \/>\n<meta property=\"og:type\" content=\"article\" \/>\n<meta property=\"og:title\" content=\"Xo\u015f g\u0259lmi\u015fsiniz\" \/>\n<meta property=\"og:description\" content=\"Dr. Qurban \u018fl\u0259kb\u0259rov, Az\u0259rbaycan v\u0259 rus dill\u0259ri \u00fczr\u0259 andl\u0131 v\u0259 s\u0259lahiyy\u0259tli t\u0259rc\u00fcm\u0259\u00e7i, Berlin\" \/>\n<meta property=\"og:url\" content=\"https:\/\/tercumeci.de\/?lang=aze\" \/>\n<meta property=\"og:site_name\" content=\"-tercumeci.de\" \/>\n<meta property=\"article:publisher\" content=\"https:\/\/www.facebook.com\/tercumeci.de\" \/>\n<meta property=\"article:modified_time\" content=\"2014-11-11T12:41:28+00:00\" \/>\n<meta name=\"twitter:label1\" content=\"Est. reading time\" \/>\n\t<meta name=\"twitter:data1\" content=\"2 minutes\" \/>\n<script type=\"application\/ld+json\" class=\"yoast-schema-graph\">{\"@context\":\"https:\/\/schema.org\",\"@graph\":[{\"@type\":\"WebSite\",\"@id\":\"https:\/\/tercumeci.de\/#website\",\"url\":\"https:\/\/tercumeci.de\/\",\"name\":\"-tercumeci.de\",\"description\":\"Dr. Gurban Alakbarov\",\"potentialAction\":[{\"@type\":\"SearchAction\",\"target\":{\"@type\":\"EntryPoint\",\"urlTemplate\":\"https:\/\/tercumeci.de\/?s={search_term_string}\"},\"query-input\":\"required name=search_term_string\"}],\"inLanguage\":\"en-US\"},{\"@type\":\"WebPage\",\"@id\":\"https:\/\/tercumeci.de\/?lang=aze\",\"url\":\"https:\/\/tercumeci.de\/?lang=aze\",\"name\":\"Xo\u015f g\u0259lmi\u015fsiniz\",\"isPartOf\":{\"@id\":\"https:\/\/tercumeci.de\/#website\"},\"datePublished\":\"2013-11-02T15:31:55+00:00\",\"dateModified\":\"2014-11-11T12:41:28+00:00\",\"description\":\"Dr. Qurban \u018fl\u0259kb\u0259rov, Az\u0259rbaycan v\u0259 rus dill\u0259ri \u00fczr\u0259 andl\u0131 v\u0259 s\u0259lahiyy\u0259tli t\u0259rc\u00fcm\u0259\u00e7i, Berlin\",\"breadcrumb\":{\"@id\":\"https:\/\/tercumeci.de\/?lang=aze#breadcrumb\"},\"inLanguage\":\"en-US\",\"potentialAction\":[{\"@type\":\"ReadAction\",\"target\":[\"https:\/\/tercumeci.de\/?lang=aze\"]}]},{\"@type\":\"BreadcrumbList\",\"@id\":\"https:\/\/tercumeci.de\/?lang=aze#breadcrumb\",\"itemListElement\":[{\"@type\":\"ListItem\",\"position\":1,\"name\":\"Home\",\"item\":\"https:\/\/tercumeci.de\/?lang=de\"},{\"@type\":\"ListItem\",\"position\":2,\"name\":\"ANA S\u018fH\u0130F\u018f\"}]}]}<\/script>\n<!-- \/ Yoast SEO plugin. -->","yoast_head_json":{"title":"Xo\u015f g\u0259lmi\u015fsiniz","description":"Dr. Qurban \u018fl\u0259kb\u0259rov, Az\u0259rbaycan v\u0259 rus dill\u0259ri \u00fczr\u0259 andl\u0131 v\u0259 s\u0259lahiyy\u0259tli t\u0259rc\u00fcm\u0259\u00e7i, Berlin","robots":{"index":"index","follow":"follow","max-snippet":"max-snippet:-1","max-image-preview":"max-image-preview:large","max-video-preview":"max-video-preview:-1"},"canonical":"https:\/\/tercumeci.de\/?lang=aze","og_locale":"en_US","og_type":"article","og_title":"Xo\u015f g\u0259lmi\u015fsiniz","og_description":"Dr. Qurban \u018fl\u0259kb\u0259rov, Az\u0259rbaycan v\u0259 rus dill\u0259ri \u00fczr\u0259 andl\u0131 v\u0259 s\u0259lahiyy\u0259tli t\u0259rc\u00fcm\u0259\u00e7i, Berlin","og_url":"https:\/\/tercumeci.de\/?lang=aze","og_site_name":"-tercumeci.de","article_publisher":"https:\/\/www.facebook.com\/tercumeci.de","article_modified_time":"2014-11-11T12:41:28+00:00","twitter_misc":{"Est. reading time":"2 minutes"},"schema":{"@context":"https:\/\/schema.org","@graph":[{"@type":"WebSite","@id":"https:\/\/tercumeci.de\/#website","url":"https:\/\/tercumeci.de\/","name":"-tercumeci.de","description":"Dr. Gurban Alakbarov","potentialAction":[{"@type":"SearchAction","target":{"@type":"EntryPoint","urlTemplate":"https:\/\/tercumeci.de\/?s={search_term_string}"},"query-input":"required name=search_term_string"}],"inLanguage":"en-US"},{"@type":"WebPage","@id":"https:\/\/tercumeci.de\/?lang=aze","url":"https:\/\/tercumeci.de\/?lang=aze","name":"Xo\u015f g\u0259lmi\u015fsiniz","isPartOf":{"@id":"https:\/\/tercumeci.de\/#website"},"datePublished":"2013-11-02T15:31:55+00:00","dateModified":"2014-11-11T12:41:28+00:00","description":"Dr. Qurban \u018fl\u0259kb\u0259rov, Az\u0259rbaycan v\u0259 rus dill\u0259ri \u00fczr\u0259 andl\u0131 v\u0259 s\u0259lahiyy\u0259tli t\u0259rc\u00fcm\u0259\u00e7i, Berlin","breadcrumb":{"@id":"https:\/\/tercumeci.de\/?lang=aze#breadcrumb"},"inLanguage":"en-US","potentialAction":[{"@type":"ReadAction","target":["https:\/\/tercumeci.de\/?lang=aze"]}]},{"@type":"BreadcrumbList","@id":"https:\/\/tercumeci.de\/?lang=aze#breadcrumb","itemListElement":[{"@type":"ListItem","position":1,"name":"Home","item":"https:\/\/tercumeci.de\/?lang=de"},{"@type":"ListItem","position":2,"name":"ANA S\u018fH\u0130F\u018f"}]}]}},"_links":{"self":[{"href":"https:\/\/tercumeci.de\/index.php?rest_route=\/wp\/v2\/pages\/144","targetHints":{"allow":["GET"]}}],"collection":[{"href":"https:\/\/tercumeci.de\/index.php?rest_route=\/wp\/v2\/pages"}],"about":[{"href":"https:\/\/tercumeci.de\/index.php?rest_route=\/wp\/v2\/types\/page"}],"author":[{"embeddable":true,"href":"https:\/\/tercumeci.de\/index.php?rest_route=\/wp\/v2\/users\/1"}],"replies":[{"embeddable":true,"href":"https:\/\/tercumeci.de\/index.php?rest_route=%2Fwp%2Fv2%2Fcomments&post=144"}],"version-history":[{"count":16,"href":"https:\/\/tercumeci.de\/index.php?rest_route=\/wp\/v2\/pages\/144\/revisions"}],"predecessor-version":[{"id":724,"href":"https:\/\/tercumeci.de\/index.php?rest_route=\/wp\/v2\/pages\/144\/revisions\/724"}],"wp:attachment":[{"href":"https:\/\/tercumeci.de\/index.php?rest_route=%2Fwp%2Fv2%2Fmedia&parent=144"}],"curies":[{"name":"wp","href":"https:\/\/api.w.org\/{rel}","templated":true}]}}